{"id":135,"date":"2021-05-12T11:36:55","date_gmt":"2021-05-12T11:36:55","guid":{"rendered":"https:\/\/djm-webdesign.ch\/wordpress\/index.php\/home\/"},"modified":"2025-01-29T09:56:59","modified_gmt":"2025-01-29T09:56:59","slug":"home","status":"publish","type":"page","link":"https:\/\/djm-webdesign.ch\/wordpress\/","title":{"rendered":"Home"},"content":{"rendered":"\n<div class=\"wp-block-uagb-container uagb-block-e34d46cf alignfull uagb-is-root-container\"><div class=\"uagb-container-inner-blocks-wrap\">\n<div class=\"wp-block-uagb-advanced-heading uagb-block-2d652ad9\"><h1 class=\"uagb-heading-text\">Digitale L\u00f6sungen<br>f\u00fcr Ihren Use Case<\/h1><\/div>\n\n\n\n<div class=\"wp-block-uagb-advanced-heading uagb-block-80c5fb3c\"><p class=\"uagb-desc-text\">Ma\u00dfgeschneiderte digitale L\u00f6sungen f\u00fcr Ihr Unternehmen zu erschwinglichen Preisen. <br>Ich biete Beratung und Entwicklung in verschiedenen Bereichen an &#8211; von Web-Apps bis hin zu datengetriebenen Innovationen.<\/p><\/div>\n\n\n\n<div class=\"wp-block-uagb-icon-list uagb-block-6cfec9b6\"><div class=\"uagb-icon-list__wrap\">\n<div class=\"wp-block-uagb-icon-list-child uagb-block-e1bd8651\"><a target=\"_self\" aria-label=\"Mehr Erfahren \" rel=\"noopener noreferrer\" href=\"#angebot\"> <\/a><span class=\"uagb-icon-list__source-wrap\"><svg xmlns=\"https:\/\/www.w3.org\/2000\/svg\" viewBox=\"0 0 320 512\"><path d=\"M9.375 329.4c12.51-12.51 32.76-12.49 45.25 0L128 402.8V32c0-17.69 14.31-32 32-32s32 14.31 32 32v370.8l73.38-73.38c12.5-12.5 32.75-12.5 45.25 0s12.5 32.75 0 45.25l-128 128c-12.5 12.5-32.75 12.5-45.25 0l-128-128C-3.125 362.1-3.125 341.9 9.375 329.4z\"><\/path><\/svg><\/span><span class=\"uagb-icon-list__label\">Mehr Erfahren <\/span><\/div>\n<\/div><\/div>\n<\/div><\/div>\n\n\n\n<div class=\"wp-block-uagb-container uagb-block-911bb51a alignfull uagb-is-root-container\"><div class=\"uagb-container-inner-blocks-wrap\">\n<div class=\"wp-block-uagb-advanced-heading uagb-block-1d49b851\" id=\"angebot\"><h2 class=\"uagb-heading-text\">Angebot<\/h2><\/div>\n<\/div><\/div>\n\n\n\n<div class=\"wp-block-uagb-container uagb-block-56d1442b alignfull uagb-is-root-container\"><div class=\"uagb-container-inner-blocks-wrap\">\n<div class=\"wp-block-uagb-info-box uagb-block-4815987b uagb-infobox__content-wrap  uagb-infobox-icon-above-title uagb-infobox-image-valign-top\"><div class=\"uagb-ifb-content\"><div class=\"uagb-ifb-title-wrap\"><h4 class=\"uagb-ifb-title\">Beratung<\/h4><\/div><p class=\"uagb-ifb-desc\">Ich berate Sie gerne und unkompliziert, um gemeinsam mit Ihnen eine gute IT-L\u00f6sung in den Bereichen Web, IT-Sicherheit und AI zu finden.<\/p><\/div><\/div>\n\n\n\n<div class=\"wp-block-uagb-info-box uagb-block-c70f4354 uagb-infobox__content-wrap  uagb-infobox-icon-above-title uagb-infobox-image-valign-top\"><div class=\"uagb-ifb-content\"><div class=\"uagb-ifb-title-wrap\"><h4 class=\"uagb-ifb-title\">Entwicklung<\/h4><\/div><p class=\"uagb-ifb-desc\">Apps und L\u00f6sungen entwickle ich f\u00fcr Sie mit Python, PyTorch, HTML\/CSS\/JS, PHP, WordPress, Matlab oder R, passend zu ihren Bed\u00fcrfnissen.<\/p><\/div><\/div>\n\n\n\n<div class=\"wp-block-uagb-info-box uagb-block-9f7377b1 uagb-infobox__content-wrap  uagb-infobox-icon-above-title uagb-infobox-image-valign-top\"><div class=\"uagb-ifb-content\"><div class=\"uagb-ifb-title-wrap\"><h4 class=\"uagb-ifb-title\">AI und Data Driven Innovation<\/h4><\/div><p class=\"uagb-ifb-desc\">Mit Machine Learning bringe ich ihr Unternehmen auf das n\u00e4chste Level: Nutzen sie ihre Daten f\u00fcr neue Erkenntnisse und Innovation. <\/p><\/div><\/div>\n<\/div><\/div>\n\n\n\n<div class=\"wp-block-uagb-container uagb-block-a255b985 alignfull uagb-is-root-container\"><div class=\"uagb-container-inner-blocks-wrap\">\n<div class=\"wp-block-uagb-container uagb-block-7d127834\">\n<div class=\"wp-block-uagb-info-box uagb-block-ef9fc8e2 uagb-infobox__content-wrap  uagb-infobox-icon-above-title uagb-infobox-image-valign-top\"><div class=\"uagb-ifb-content\"><div class=\"uagb-ifb-title-wrap\"><h2 class=\"uagb-ifb-title\">\u00dcber mich<\/h2><\/div><p class=\"uagb-ifb-desc\">Ich heisse David Metzger und bin seit 2010 freelance Web-Entwickler und Designer. <\/p><\/div><\/div>\n\n\n\n<div class=\"wp-block-uagb-info-box uagb-block-39bfb285 uagb-infobox__content-wrap  uagb-infobox-icon-above-title uagb-infobox-image-valign-top\"><div class=\"uagb-ifb-content\"><div class=\"uagb-ifb-title-wrap\"><h4 class=\"uagb-ifb-title\">Ausbildung.<\/h4><\/div><p class=\"uagb-ifb-desc\">Seit meinem Studium an der ETH Z\u00fcrich, <em>Public Policy<\/em> mit dem Minor <em>Computer Science <\/em>im 2021 integriere ich mit Begeisterung auch AI wie z.B. Natural Language Processing in meine Projekte.<\/p><\/div><\/div>\n\n\n\n<div class=\"wp-block-uagb-info-box uagb-block-25d98232 uagb-infobox__content-wrap  uagb-infobox-icon-above-title uagb-infobox-image-valign-top\"><div class=\"uagb-ifb-content\"><div class=\"uagb-ifb-title-wrap\"><h4 class=\"uagb-ifb-title\">Erfahrung.<\/h4><\/div><p class=\"uagb-ifb-desc\">Im Jahr 2016 absolvierte ich ein sechsmonatiges Praktikum in Webdevelopment bei der Web-Abteilung von Swissbanking. Ausserdem habe ich in \u00fcber 15 Projekten f\u00fcr verschiedene KMU&#8217;s und Vereine  verschiedenste Webseiten gestaltet, Web-Applikationen entwickelt und digitale L\u00f6sungen erarbeitet.<\/p><\/div><\/div>\n<\/div>\n\n\n\n<div class=\"wp-block-uagb-container uagb-block-6b230e07\"><\/div>\n<\/div><\/div>\n\n\n\n<div class=\"wp-block-uagb-container uag-blocks-common-selector uagb-block-4da52049 alignfull uagb-is-root-container\"><div class=\"uagb-container-inner-blocks-wrap\"><\/div><\/div>\n\n\n\n<div class=\"wp-block-uagb-container uagb-block-79416477 alignfull uagb-is-root-container\"><div class=\"uagb-container-inner-blocks-wrap\">\n<div class=\"wp-block-uagb-info-box uagb-block-c5cf422e uagb-infobox__content-wrap  uagb-infobox-icon-above-title uagb-infobox-image-valign-top\"><div class=\"uagb-ifb-content\"><div class=\"uagb-ifb-title-wrap\"><h2 class=\"uagb-ifb-title\">Projekte<\/h2><\/div><p class=\"uagb-ifb-desc\">Eine Auswahl an Projekten aus den letzten Jahren.<\/p><\/div><\/div>\n\n\n\n<div class=\"wp-block-columns is-layout-flex wp-container-core-columns-is-layout-28f84493 wp-block-columns-is-layout-flex\">\n<div class=\"wp-block-column is-layout-flow wp-block-column-is-layout-flow\">\n<div class=\"wp-block-uagb-info-box uagb-block-f49ea1a0 uagb-infobox__content-wrap  uagb-infobox-icon-above-title uagb-infobox-image-valign-top\"><div class=\"uagb-ifb-content\"><div class=\"uagb-ifb-title-wrap\"><h3 class=\"uagb-ifb-title\">Elena&#8217;s Tortenboutique<\/h3><\/div><p class=\"uagb-ifb-desc\">Design und Programmierung der Website, zusammen mit <a href=\"http:\/\/florianalexandermoser.ch\">florianalexandermoser.ch<\/a><\/p><\/div><\/div>\n<\/div>\n\n\n\n<div class=\"wp-block-column is-layout-flow wp-block-column-is-layout-flow\">\n<div class=\"wp-block-uagb-info-box uagb-block-03b46355 uagb-infobox__content-wrap  uagb-infobox-icon-above-title uagb-infobox-image-valign-top\"><div class=\"uagb-ifb-content\"><div class=\"uagb-ifb-title-wrap\"><h3 class=\"uagb-ifb-title\">Esisuisse<br><\/h3><\/div><p class=\"uagb-ifb-desc\">Programm f\u00fcr das automatisierte Herunterladen und Vergleichen von regelm\u00e4ssig online publizierten Datens\u00e4tzen. <\/p><\/div><\/div>\n<\/div>\n\n\n\n<div class=\"wp-block-column is-layout-flow wp-block-column-is-layout-flow\">\n<div class=\"wp-block-uagb-info-box uagb-block-2909f61a uagb-infobox__content-wrap  uagb-infobox-icon-above-title uagb-infobox-image-valign-top\"><div class=\"uagb-ifb-content\"><div class=\"uagb-ifb-title-wrap\"><h3 class=\"uagb-ifb-title\">For fun: Drone Dance<\/h3><\/div><p class=\"uagb-ifb-desc\">Implementierung eines Drohnen-Controllers, der die Drohne in der Luft stabilisiert und sie jeweils die gegens\u00e4tzliche Bewegung der steuernden Person fliegen l\u00e4sst. Projekt an der ETH Lausanne\/IST Lisboa.<\/p><\/div><\/div>\n<\/div>\n<\/div>\n\n\n\n<div class=\"wp-block-columns is-layout-flex wp-container-core-columns-is-layout-28f84493 wp-block-columns-is-layout-flex\">\n<div class=\"wp-block-column is-layout-flow wp-block-column-is-layout-flow\">\n<figure class=\"wp-block-image size-full\"><a href=\"https:\/\/tortenboutique.ch\" target=\"_blank\" rel=\"noreferrer noopener\"><img loading=\"lazy\" decoding=\"async\" width=\"899\" height=\"639\" src=\"https:\/\/djm-webdesign.ch\/wordpress\/wp-content\/uploads\/2023\/04\/Screenshot-from-2023-04-06-20-28-35.png\" alt=\"\" class=\"wp-image-823\" srcset=\"https:\/\/djm-webdesign.ch\/wordpress\/wp-content\/uploads\/2023\/04\/Screenshot-from-2023-04-06-20-28-35.png 899w, https:\/\/djm-webdesign.ch\/wordpress\/wp-content\/uploads\/2023\/04\/Screenshot-from-2023-04-06-20-28-35-300x213.png 300w, https:\/\/djm-webdesign.ch\/wordpress\/wp-content\/uploads\/2023\/04\/Screenshot-from-2023-04-06-20-28-35-768x546.png 768w\" sizes=\"auto, (max-width: 899px) 100vw, 899px\" \/><\/a><\/figure>\n<\/div>\n\n\n\n<div class=\"wp-block-column is-layout-flow wp-block-column-is-layout-flow\">\n<figure class=\"wp-block-image size-full\"><img loading=\"lazy\" decoding=\"async\" width=\"389\" height=\"244\" src=\"https:\/\/djm-webdesign.ch\/wordpress\/wp-content\/uploads\/2023\/04\/Screenshot-from-2023-04-06-21-23-47.png\" alt=\"\" class=\"wp-image-824\" srcset=\"https:\/\/djm-webdesign.ch\/wordpress\/wp-content\/uploads\/2023\/04\/Screenshot-from-2023-04-06-21-23-47.png 389w, https:\/\/djm-webdesign.ch\/wordpress\/wp-content\/uploads\/2023\/04\/Screenshot-from-2023-04-06-21-23-47-300x188.png 300w\" sizes=\"auto, (max-width: 389px) 100vw, 389px\" \/><\/figure>\n<\/div>\n\n\n\n<div class=\"wp-block-column is-layout-flow wp-block-column-is-layout-flow\">\n<figure class=\"wp-block-image size-full\"><img loading=\"lazy\" decoding=\"async\" width=\"474\" height=\"358\" src=\"https:\/\/djm-webdesign.ch\/wordpress\/wp-content\/uploads\/2023\/04\/ezgif.com-crop.gif\" alt=\"\" class=\"wp-image-826\"\/><\/figure>\n<\/div>\n<\/div>\n\n\n\n<p><\/p>\n<\/div><\/div>\n\n\n\n<div class=\"wp-block-uagb-container uagb-block-6f310497 alignfull uagb-is-root-container\"><div class=\"uagb-container-inner-blocks-wrap\">\n<div class=\"wp-block-uagb-container uagb-block-cd79f457\">\n<div class=\"wp-block-uagb-container uagb-block-dbe0faa5\">\n<div class=\"wp-block-uagb-info-box uagb-block-79c5fbe7 uagb-infobox__content-wrap  uagb-infobox-icon-above-title uagb-infobox-image-valign-top\"><div class=\"uagb-ifb-content\"><div class=\"uagb-ifb-title-wrap\"><h3 class=\"uagb-ifb-title\">Haben Sie eine Projektidee?<\/h3><\/div><p class=\"uagb-ifb-desc\">Ich helfe Ihnen, Ihre Idee zum Fliegen zu bringen. Kontaktieren Sie mich f\u00fcr einen unverbindlichen Kostenvoranschlag!<\/p><\/div><\/div>\n\n\n\n<div class=\"wp-block-uagb-buttons uagb-buttons__outer-wrap uagb-btn__default-btn uagb-btn-tablet__default-btn uagb-btn-mobile__default-btn uagb-block-8382f123\"><div class=\"uagb-buttons__wrap uagb-buttons-layout-wrap \">\n<div class=\"wp-block-uagb-buttons-child uagb-buttons__outer-wrap uagb-block-ba356b4a wp-block-button\"><div class=\"uagb-button__wrapper\"><a class=\"uagb-buttons-repeater wp-block-button__link\" aria-label=\"\" href=\"\/wordpress\/index.php\/contact\/\" rel=\"follow noopener\" target=\"_self\" role=\"button\"><div class=\"uagb-button__link\">Jetzt Kontakt aufnehmen!<\/div><\/a><\/div><\/div>\n<\/div><\/div>\n<\/div>\n\n\n\n<div class=\"wp-block-uagb-container uagb-block-8fb9ea76\">\n<div class=\"wp-block-uagb-image alignright uagb-block-df2cd2a2 wp-block-uagb-image--layout-default wp-block-uagb-image--effect-static wp-block-uagb-image--align-right\"><figure class=\"wp-block-uagb-image__figure\"><img decoding=\"async\" srcset=\"https:\/\/djm-webdesign.ch\/wordpress\/wp-content\/uploads\/2023\/04\/paper-paper-airplane-play-1565157-1024x644.jpg ,https:\/\/djm-webdesign.ch\/wordpress\/wp-content\/uploads\/2021\/05\/cta-img.jpg 780w, https:\/\/djm-webdesign.ch\/wordpress\/wp-content\/uploads\/2023\/04\/paper-paper-airplane-play-1565157-1024x644.jpg 360w\" sizes=\"auto, (max-width: 480px) 150px\" src=\"https:\/\/djm-webdesign.ch\/wordpress\/wp-content\/uploads\/2023\/04\/paper-paper-airplane-play-1565157-1024x644.jpg\" alt=\"paper, paper airplane, play-1565157.jpg\" class=\"uag-image-822\" width=\"1024\" height=\"644\" title=\"\" loading=\"lazy\" role=\"img\"\/><\/figure><\/div>\n<\/div>\n<\/div>\n\n\n\n<div class=\"wp-block-uagb-container uagb-block-18ed6f27\">\n<div class=\"wp-block-uagb-container uagb-block-257305a3\">\n<div class=\"wp-block-uagb-advanced-heading uagb-block-0256ed63\"><h2 class=\"uagb-heading-text\">Bringen wir Ihr KMU zum Fliegen!<\/h2><\/div>\n<\/div>\n\n\n\n<div class=\"wp-block-uagb-container uagb-block-4cd38459\">\n<div class=\"wp-block-uagb-advanced-heading uagb-block-1095d019\"><\/div>\n<\/div>\n<\/div>\n<\/div><\/div>\n","protected":false},"excerpt":{"rendered":"<p>Digitale L\u00f6sungenf\u00fcr Ihren Use Case Ma\u00dfgeschneiderte digitale L\u00f6sungen f\u00fcr Ihr Unternehmen zu erschwinglichen Preisen. Ich biete Beratung und Entwicklung in verschiedenen Bereichen an &#8211; von Web-Apps bis hin zu datengetriebenen Innovationen. Angebot Bringen wir Ihr KMU zum Fliegen!<\/p>\n","protected":false},"author":1,"featured_media":0,"parent":0,"menu_order":0,"comment_status":"closed","ping_status":"closed","template":"","meta":{"_uag_custom_page_level_css":"","site-sidebar-layout":"no-sidebar","site-content-layout":"page-builder","ast-site-content-layout":"full-width-container","site-content-style":"unboxed","site-sidebar-style":"unboxed","ast-global-header-display":"","ast-banner-title-visibility":"","ast-main-header-display":"","ast-hfb-above-header-display":"","ast-hfb-below-header-display":"","ast-hfb-mobile-header-display":"","site-post-title":"disabled","ast-breadcrumbs-content":"","ast-featured-img":"disabled","footer-sml-layout":"","ast-disable-related-posts":"","theme-transparent-header-meta":"enabled","adv-header-id-meta":"","stick-header-meta":"","header-above-stick-meta":"","header-main-stick-meta":"","header-below-stick-meta":"","astra-migrate-meta-layouts":"set","ast-page-background-enabled":"default","ast-page-background-meta":{"desktop":{"background-color":"var(--ast-global-color-4)","background-image":"","background-repeat":"repeat","background-position":"center center","background-size":"auto","background-attachment":"scroll","background-type":"","background-media":"","overlay-type":"","overlay-color":"","overlay-opacity":"","overlay-gradient":""},"tablet":{"background-color":"","background-image":"","background-repeat":"repeat","background-position":"center center","background-size":"auto","background-attachment":"scroll","background-type":"","background-media":"","overlay-type":"","overlay-color":"","overlay-opacity":"","overlay-gradient":""},"mobile":{"background-color":"","background-image":"","background-repeat":"repeat","background-position":"center center","background-size":"auto","background-attachment":"scroll","background-type":"","background-media":"","overlay-type":"","overlay-color":"","overlay-opacity":"","overlay-gradient":""}},"ast-content-background-meta":{"desktop":{"background-color":"var(--ast-global-color-5)","background-image":"","background-repeat":"repeat","background-position":"center center","background-size":"auto","background-attachment":"scroll","background-type":"","background-media":"","overlay-type":"","overlay-color":"","overlay-opacity":"","overlay-gradient":""},"tablet":{"background-color":"var(--ast-global-color-5)","background-image":"","background-repeat":"repeat","background-position":"center center","background-size":"auto","background-attachment":"scroll","background-type":"","background-media":"","overlay-type":"","overlay-color":"","overlay-opacity":"","overlay-gradient":""},"mobile":{"background-color":"var(--ast-global-color-5)","background-image":"","background-repeat":"repeat","background-position":"center center","background-size":"auto","background-attachment":"scroll","background-type":"","background-media":"","overlay-type":"","overlay-color":"","overlay-opacity":"","overlay-gradient":""}},"footnotes":""},"class_list":["post-135","page","type-page","status-publish","hentry"],"uagb_featured_image_src":{"full":false,"thumbnail":false,"medium":false,"medium_large":false,"large":false,"1536x1536":false,"2048x2048":false},"uagb_author_info":{"display_name":"admin","author_link":"https:\/\/djm-webdesign.ch\/wordpress\/index.php\/author\/davemspam_pl4o7xrg\/"},"uagb_comment_info":0,"uagb_excerpt":"Digitale L\u00f6sungenf\u00fcr Ihren Use Case Ma\u00dfgeschneiderte digitale L\u00f6sungen f\u00fcr Ihr Unternehmen zu erschwinglichen Preisen. Ich biete Beratung und Entwicklung in verschiedenen Bereichen an &#8211; von Web-Apps bis hin zu datengetriebenen Innovationen. Angebot Bringen wir Ihr KMU zum Fliegen!","_links":{"self":[{"href":"https:\/\/djm-webdesign.ch\/wordpress\/index.php\/wp-json\/wp\/v2\/pages\/135","targetHints":{"allow":["GET"]}}],"collection":[{"href":"https:\/\/djm-webdesign.ch\/wordpress\/index.php\/wp-json\/wp\/v2\/pages"}],"about":[{"href":"https:\/\/djm-webdesign.ch\/wordpress\/index.php\/wp-json\/wp\/v2\/types\/page"}],"author":[{"embeddable":true,"href":"https:\/\/djm-webdesign.ch\/wordpress\/index.php\/wp-json\/wp\/v2\/users\/1"}],"replies":[{"embeddable":true,"href":"https:\/\/djm-webdesign.ch\/wordpress\/index.php\/wp-json\/wp\/v2\/comments?post=135"}],"version-history":[{"count":29,"href":"https:\/\/djm-webdesign.ch\/wordpress\/index.php\/wp-json\/wp\/v2\/pages\/135\/revisions"}],"predecessor-version":[{"id":880,"href":"https:\/\/djm-webdesign.ch\/wordpress\/index.php\/wp-json\/wp\/v2\/pages\/135\/revisions\/880"}],"wp:attachment":[{"href":"https:\/\/djm-webdesign.ch\/wordpress\/index.php\/wp-json\/wp\/v2\/media?parent=135"}],"curies":[{"name":"wp","href":"https:\/\/api.w.org\/{rel}","templated":true}]}}